{"id":173,"date":"2018-11-02T11:28:06","date_gmt":"2018-11-02T11:28:06","guid":{"rendered":"https:\/\/ascep.ffzg.unizg.hr\/?page_id=173"},"modified":"2018-11-02T14:49:40","modified_gmt":"2018-11-02T14:49:40","slug":"zeljka-miklosevic-phd-senior-research-assistant","status":"publish","type":"page","link":"https:\/\/ascep.ffzg.unizg.hr\/index.php\/zeljka-miklosevic-phd-senior-research-assistant\/","title":{"rendered":"\u017deljka Miklo\u0161evi\u0107, PhD, senior research assistant"},"content":{"rendered":"<p>\u017deljka Miklo\u0161evi\u0107 (b. 1978) graduated in Art History and the English Language and Literature (2003) and Museology (2006) from the Faculty of Humanities and Social Sciences, University of Zagreb. In 2005-2006, she worked at the Print Department at the National and University Library in Zagreb, and in 2006-2008, she worked as curator of fine and applied arts collections at the Museum of Slavonia in Osijek. In 2008, she was employed as a junior research and teaching assistant, at the Department of Information and Communication Sciences enrolling at the same time in the doctoral study programme in information sciences \u2013 museology. In 2014, she obtained a PhD degree in Museology by defending the thesis titled <em>Museum as a Multimodal Communication System<\/em>. Since 2014, she has been working as a postdoctoral researcher and lecturer.<\/p>\n<p>She participated as researcher in the following research projects: (1) <em>Croatian Identity in Place Marketing and Development Strategy <\/em>(2008 \u2013 2013), headed by Prof Tomislav \u0160ola, Department of Information and Communication Sciences, Faculty of Humanities and Social Sciences, Zagreb; project funded by the Croatian Ministry of Science and Education; (2) <em>Jankovi\u0107 Castle: historic site, generating sustainable development of the Ravni Kotari region<\/em> (2011-2014), project funded by the European Commission &#8211; Program: Preparatory actions for preserving and restoring cultural heritage in conflict areas in the Western Balkans for the year 2010 (Reference: UROPEAID\/131266\/C\/ACT\/MULTI); (3) <em>Museum Interpretation in Croatia and Slovenia: Art Museum Permanent Exhibitions<\/em> (2014 \u2013 2015) \u2013 bilateral project as part of Scientific and Technological Cooperation Programme between Croatia and Slovenia; project headed by Prof \u017darka Vuji\u0107, Department of Information and Communication Sciences, Faculty of Humanities and Social Sciences, Zagreb; project funded by the Croatian Ministry of Science and Education; (4) <em>Croatia and Central Europe: Art and Politics in the Late Modern Period<\/em> (2014 \u20132017), project headed by Prof Dragan Damjanovi\u0107, Department of Art History, Faculty of Humanities and Social Sciences, Zagreb, project funded by the Croatian Science Foundation.<\/p>\n<p>In 2016, she acted as a member of the organisational committee of the conference <em>Art and Politics in Europe in the Modern Period<\/em>, held at the Faculty of Humanities and Social Sciences in Zagreb. She is actively engaged in professional associations aiming to establish links between museological theories and museum practice. She is a member of the Croatian Museum Association, Museum Association of Eastern Croatia and member of the Committee for Education and Cultural Action of the International Council of Museums (ICOM CECA) and the Association of Critical Heritage Studies. She has regularly been participating in scientific and professional conferences in Croatia and abroad related to the fields of heritage theory, art museums, museum education and media and communication.<\/p>\n<p><a href=\"http:\/\/inf.ffzg.unizg.hr\/index.php\/en\/17-department\/756-zeljka-mikosevic\" target=\"_blank\" rel=\"noopener\">\u017deljka Miklo\u0161evi\u0107, PhD, senior research assistant; University of Zagreb, Faculty of Humanities and Social Sciences, Department of Information and Communication Sciences<\/a><\/p>\n<p>For full bibliography go to:\u00a0<a href=\"http:\/\/bib.irb.hr\/lista-radova?autor=311753\"><strong>http:\/\/bib.irb.hr\/lista-radova?autor=311753<\/strong><\/a><\/p>\n<p>Contact:\u00a0<span id=\"cloak1d433622b8050deb278ec4ea3f7d351a\"><a href=\"mailto:zmiklose@ffzg.hr\">zmiklose@ffzg.hr<\/a><\/span><\/p>\n","protected":false},"excerpt":{"rendered":"<p>\u017deljka Miklo\u0161evi\u0107 (b. 1978) graduated in Art History and the English Language and Literature (2003) and Museology (2006) from the Faculty of Humanities and Social Sciences, University of Zagreb. In 2005-2006, she worked at the Print Department at the National and University Library in Zagreb, and in 2006-2008, she worked as curator of fine and &hellip; <\/p>\n<p class=\"link-more\"><a href=\"https:\/\/ascep.ffzg.unizg.hr\/index.php\/zeljka-miklosevic-phd-senior-research-assistant\/\" class=\"more-link\">Continue reading<span class=\"screen-reader-text\"> &#8220;\u017deljka Miklo\u0161evi\u0107, PhD, senior research assistant&#8221;<\/span><\/a><\/p>\n","protected":false},"author":2,"featured_media":0,"parent":0,"menu_order":0,"comment_status":"closed","ping_status":"closed","template":"","meta":[],"_links":{"self":[{"href":"https:\/\/ascep.ffzg.unizg.hr\/index.php\/wp-json\/wp\/v2\/pages\/173"}],"collection":[{"href":"https:\/\/ascep.ffzg.unizg.hr\/index.php\/wp-json\/wp\/v2\/pages"}],"about":[{"href":"https:\/\/ascep.ffzg.unizg.hr\/index.php\/wp-json\/wp\/v2\/types\/page"}],"author":[{"embeddable":true,"href":"https:\/\/ascep.ffzg.unizg.hr\/index.php\/wp-json\/wp\/v2\/users\/2"}],"replies":[{"embeddable":true,"href":"https:\/\/ascep.ffzg.unizg.hr\/index.php\/wp-json\/wp\/v2\/comments?post=173"}],"version-history":[{"count":3,"href":"https:\/\/ascep.ffzg.unizg.hr\/index.php\/wp-json\/wp\/v2\/pages\/173\/revisions"}],"predecessor-version":[{"id":233,"href":"https:\/\/ascep.ffzg.unizg.hr\/index.php\/wp-json\/wp\/v2\/pages\/173\/revisions\/233"}],"wp:attachment":[{"href":"https:\/\/ascep.ffzg.unizg.hr\/index.php\/wp-json\/wp\/v2\/media?parent=173"}],"curies":[{"name":"wp","href":"https:\/\/api.w.org\/{rel}","templated":true}]}}