{"id":154,"date":"2018-11-02T11:18:42","date_gmt":"2018-11-02T11:18:42","guid":{"rendered":"https:\/\/ascep.ffzg.unizg.hr\/?page_id=154"},"modified":"2021-02-12T11:58:17","modified_gmt":"2021-02-12T11:58:17","slug":"marina-bregovac-pisk","status":"publish","type":"page","link":"https:\/\/ascep.ffzg.unizg.hr\/index.php\/marina-bregovac-pisk\/","title":{"rendered":"Marina Bregovac Pisk, PhD, museum advisor"},"content":{"rendered":"<p>Marina Bregovac Pisk is a graduate of the Faculty of Humanities and Social Sciences at the University of Zagreb, Croatia, where she gained a degree in Art History and English Language and Literature. From 1982 onwards she has been curating the Collection of Paintings, Prints and Sculptures created until 1920 at the Croatian History Museum. As Museum Advisor she catalogues the collection expertly and scientifically, takes part in choosing and cataloguing the exhibits for temporary historical exhibitions regularly put up by the Croatian History Museum. The exhibitions are accompanied by catalogues, as for example <em>Hrvatske zemlje i Francuska revolucija<\/em> [<em>Croatian Lands and the French Revolution<\/em>](1989), <em>Ivan Ma\u017eurani\u0107 \u2013 ban pu\u010danin<\/em> [<em>Ivan Ma\u017eurani\u0107 \u2013 Vice-roy Commoner<\/em>] (1990), <em>Znamenja vlasti i \u010dasti u Hrvatskoj u 19. stolje\u0107u<\/em> [<em>The Insignia of Power and Honour<\/em>] (1993), <em>Godina 1848. u Hrvatskoj<\/em> [<em>1848 in Croatia<\/em>] (1998.), <em>Dadoh zlato za \u017eeljezo<\/em> [<em>I Gave Gold for Iron<\/em>] (exhibition held in 2007, catalogue published in 2011) and other catalogues. She is the author of two catalogues of museum collections (<em>Zbivanja 1848.-1849. na grafi\u010dkim listovima<\/em> [<em>Events of 1848 and 1849 in Prints<\/em>], Croatian History Museum, 2000 and <em>Portreti u Zbirci grafika Hrvatskog povijesnog muzeja<\/em> [<em>Portraits in the Print Collection of the Croatian History Museum<\/em>], 2009, and several catalogues of temporary exhibitions (e.g. <em>Ferdinand Quiquerez<\/em>, 1995, <em>Life in the Palace<\/em>, 2004. and <em>Images of the Great War<\/em>, 2014. She is a co-author of catalogues of temporary exhibitions <em>Iso Kr\u0161njavi \u2013 veliki utemeljitelj, minister europskog duha<\/em> [<em>Iso Kr\u0161njavi, the Great Founder, a Minister with a European Perspective<\/em>] 2012, and <em>Ivan Kukuljevi\u0107 Sakcinski \u2013 za\u010detnik Hrvatskog identiteta<\/em> [<em>Ivan Kukuljevi\u0107 Sakcinski \u2013 the Founder of Croatian Identity<\/em>] 2016, all published by the Croatian History Museum. She has participated in various exhibition projects of the museum she works at as well as of other Croatian museums, among them <em>Hrvatski narodni preporod<\/em> [<em>Croatian National Revival<\/em>] (1985), <em>Isusova\u010dka ba\u0161tina u Hrvata<\/em> [<em>Jesuit Heritage and Croats<\/em>] (1992), <em>Barok u Hrvatskoj<\/em> [<em>Baroque in Croatia<\/em>] (1993), <em>Sveti trag \u2013 devetsto godina umjetnosti zagreba\u010dke nadbiskupije<\/em> [<em>Holy Trail \u2013 900 Years of Art in the Zagreb Archbishopric<\/em>] (1994), <em>Historicizam u Hrvatskoj<\/em> [<em>Historicism in Croatia<\/em>] (2000), <em>Vara\u017edinski generalat<\/em> [<em>Vara\u017edin General Command<\/em>] (2005), <em>Vara\u017edin pod krunom Habsburgovaca<\/em> [<em>Vara\u017edin Under the Habsburg Crown<\/em>] (2015), <em>Veli\u010danstveni Vranyczany<\/em> [<em>The Magnificant Vranyczanys<\/em>] (2016).<\/p>\n<p>She received her Master\u2019s degree at the Department of Art History of the Faculty of Humanities and Social Sciences at the University of Zagreb in 2003 for the master thesis <em>Prints in 1848 and 1849<\/em>, and her Ph.D. in 2012 for the doctoral <em>thesis The Dra\u0161kovi\u0107 Family as Commissioners and Buyers of Works of Art (A Case Study of the Trako\u0161\u0107an Castle)<\/em>. Her mentor in gaining both degrees was Professor Zvonko Makovi\u0107.<\/p>\n<p>Her main field of interest are portraits in paintings and prints ranging from the 17th to the 19th centuries.<\/p>\n<p><a href=\"http:\/\/hismus.hr\/en\/about-us\/museum-staff\/\" target=\"_blank\" rel=\"noopener\">Marina Bregovac Pisk, PhD, museum advisor; Croatian History Museum,\u00a0Zagreb<\/a><\/p>\n<p>For full bibliography go to:\u00a0<a href=\"http:\/\/bib.irb.hr\/lista-radova?autor=257033\"><strong>http:\/\/bib.irb.hr\/lista-radova?autor=257033<\/strong><\/a><\/p>\n<p>Contact:\u00a0<a href=\"mailto:m.pisk@hismus.hr\">m.pisk@hismus.hr<\/a><\/p>\n","protected":false},"excerpt":{"rendered":"<p>Marina Bregovac Pisk is a graduate of the Faculty of Humanities and Social Sciences at the University of Zagreb, Croatia, where she gained a degree in Art History and English Language and Literature. From 1982 onwards she has been curating the Collection of Paintings, Prints and Sculptures created until 1920 at the Croatian History Museum. &hellip; <\/p>\n<p class=\"link-more\"><a href=\"https:\/\/ascep.ffzg.unizg.hr\/index.php\/marina-bregovac-pisk\/\" class=\"more-link\">Continue reading<span class=\"screen-reader-text\"> &#8220;Marina Bregovac Pisk, PhD, museum advisor&#8221;<\/span><\/a><\/p>\n","protected":false},"author":2,"featured_media":0,"parent":0,"menu_order":0,"comment_status":"closed","ping_status":"closed","template":"","meta":[],"_links":{"self":[{"href":"https:\/\/ascep.ffzg.unizg.hr\/index.php\/wp-json\/wp\/v2\/pages\/154"}],"collection":[{"href":"https:\/\/ascep.ffzg.unizg.hr\/index.php\/wp-json\/wp\/v2\/pages"}],"about":[{"href":"https:\/\/ascep.ffzg.unizg.hr\/index.php\/wp-json\/wp\/v2\/types\/page"}],"author":[{"embeddable":true,"href":"https:\/\/ascep.ffzg.unizg.hr\/index.php\/wp-json\/wp\/v2\/users\/2"}],"replies":[{"embeddable":true,"href":"https:\/\/ascep.ffzg.unizg.hr\/index.php\/wp-json\/wp\/v2\/comments?post=154"}],"version-history":[{"count":3,"href":"https:\/\/ascep.ffzg.unizg.hr\/index.php\/wp-json\/wp\/v2\/pages\/154\/revisions"}],"predecessor-version":[{"id":237,"href":"https:\/\/ascep.ffzg.unizg.hr\/index.php\/wp-json\/wp\/v2\/pages\/154\/revisions\/237"}],"wp:attachment":[{"href":"https:\/\/ascep.ffzg.unizg.hr\/index.php\/wp-json\/wp\/v2\/media?parent=154"}],"curies":[{"name":"wp","href":"https:\/\/api.w.org\/{rel}","templated":true}]}}